{"id":1221,"date":"2025-07-23T18:30:53","date_gmt":"2025-07-23T16:30:53","guid":{"rendered":"https:\/\/tcm-whieda.de\/?post_type=product&#038;p=1221"},"modified":"2026-03-15T23:19:26","modified_gmt":"2026-03-15T22:19:26","slug":"kalcium-eisen-zink-selen-kapseln","status":"publish","type":"product","link":"https:\/\/tcm-whieda.de\/ru\/produkt\/kalcium-eisen-zink-selen-kapseln\/","title":{"rendered":"Kalcium -, Eisen -, Zink -, Selen &#8212; Kapseln &#8212; &#171;F\u00fcr innere St\u00e4rke, klare Energie und ein stabiles Fundament&#187;"},"content":{"rendered":"<p data-start=\"163\" data-end=\"251\"><strong data-start=\"163\" data-end=\"251\">Kalzium-, Eisen-, Zink- und Selenkapseln \u2013 Essentielle Mineralstoffe in einer Kapsel<\/strong><\/p>\n<p data-start=\"253\" data-end=\"495\">Unsere Kapseln enthalten vier wichtige Mineralstoffe, die f\u00fcr zahlreiche physiologische Funktionen im K\u00f6rper unverzichtbar sind. Sie werden aus unbehandelten Meeresalgen hergestellt, die reich an Kalzium sind, und zus\u00e4tzlich angereichert mit:<\/p>\n<ul data-start=\"497\" data-end=\"582\">\n<li data-start=\"497\" data-end=\"524\">\n<p data-start=\"499\" data-end=\"524\">Eisenhaltigem Porphyrin<\/p>\n<\/li>\n<li data-start=\"525\" data-end=\"542\">\n<p data-start=\"527\" data-end=\"542\">Eisengluconat<\/p>\n<\/li>\n<li data-start=\"543\" data-end=\"559\">\n<p data-start=\"545\" data-end=\"559\">Zinkgluconat<\/p>\n<\/li>\n<li data-start=\"560\" data-end=\"582\">\n<p data-start=\"562\" data-end=\"582\">Selenhaltiger Hefe<\/p>\n<\/li>\n<\/ul>\n<p data-start=\"584\" data-end=\"681\">So unterst\u00fctzt das Pr\u00e4parat die optimale Versorgung des K\u00f6rpers mit essenziellen Spurenelementen.<\/p>\n<hr data-start=\"683\" data-end=\"686\" \/>\n<h3 data-start=\"688\" data-end=\"728\">Wof\u00fcr werden diese Kapseln ben\u00f6tigt?<\/h3>\n<p data-start=\"730\" data-end=\"824\">Ein Mangel an Kalzium, Eisen, Zink oder Selen kann sich in unterschiedlichen Symptomen \u00e4u\u00dfern:<\/p>\n<p data-start=\"826\" data-end=\"1013\"><strong data-start=\"826\" data-end=\"844\">Kalziummangel:<\/strong><br data-start=\"844\" data-end=\"847\" \/>Gelenkschmerzen, R\u00fcckenschmerzen, Muskelschw\u00e4che, Osteoporose, Zahnverlust, Schwindel, Schlafst\u00f6rungen, Haarausfall, Wachstumsverz\u00f6gerung, Taubheitsgef\u00fchle, Rachitis.<\/p>\n<p data-start=\"1015\" data-end=\"1163\"><strong data-start=\"1015\" data-end=\"1031\">Eisenmangel:<\/strong><br data-start=\"1031\" data-end=\"1034\" \/>M\u00fcdigkeit, blasse oder gelbliche Haut, An\u00e4mie, Appetitlosigkeit, kalte H\u00e4nde und F\u00fc\u00dfe, Wachstumsst\u00f6rungen, schwaches Immunsystem.<\/p>\n<p data-start=\"1165\" data-end=\"1289\"><strong data-start=\"1165\" data-end=\"1180\">Zinkmangel:<\/strong><br data-start=\"1180\" data-end=\"1183\" \/>Konzentrations- und Ged\u00e4chtnisprobleme, blasse Haut, Karies, Appetitverlust, verringerte Widerstandskraft.<\/p>\n<p data-start=\"1291\" data-end=\"1515\"><strong data-start=\"1291\" data-end=\"1307\">Selenmangel:<\/strong><br data-start=\"1307\" data-end=\"1310\" \/>Schwaches Immunsystem, Haarausfall, br\u00fcchige N\u00e4gel, Hautprobleme, neurologische Beschwerden, Erkrankungen des Fortpflanzungssystems, Herz-Kreislauf-Erkrankungen, Bluthochdruck, Diabetes, Tumorerkrankungen.<\/p>\n<hr data-start=\"1517\" data-end=\"1520\" \/>\n<h3 data-start=\"1522\" data-end=\"1556\">Warum die Einnahme wichtig ist<\/h3>\n<p data-start=\"1558\" data-end=\"1942\">Kalzium, Eisen, Zink und Selen sind essentielle Spurenelemente, die viele lebenswichtige Prozesse im K\u00f6rper unterst\u00fctzen. Ein Mangel kann eine Kettenreaktion gesundheitlicher Probleme ausl\u00f6sen. Studien zeigen, dass viele Menschen gleichzeitig an einem Mangel dieser vier Mineralstoffe leiden. Die gezielte Zufuhr aller vier Mineralstoffe in Kombination kann besonders effektiv sein.<\/p>\n<p data-start=\"1944\" data-end=\"2140\"><strong data-start=\"1944\" data-end=\"1986\">Pharmakokinetische Studien best\u00e4tigen:<\/strong> Die gleichzeitige Aufnahme von Kalzium, Eisen, Zink und Selen st\u00f6rt die Bioverf\u00fcgbarkeit nicht \u2013 sie kann sich sogar gegenseitig in der Aufnahme f\u00f6rdern.<\/p>\n<hr data-start=\"2142\" data-end=\"2145\" \/>\n<h3 data-start=\"2147\" data-end=\"2185\">Vorteile der kombinierten Einnahme<\/h3>\n<ul data-start=\"2187\" data-end=\"2779\">\n<li data-start=\"2187\" data-end=\"2324\">\n<p data-start=\"2189\" data-end=\"2324\"><strong data-start=\"2189\" data-end=\"2227\">Eisen, Zink und Selen mit Kalzium:<\/strong> Unterst\u00fctzt Knochen- und Immunsystem, verbessert die Infektionsresistenz und den Stoffwechsel.<\/p>\n<\/li>\n<li data-start=\"2325\" data-end=\"2510\">\n<p data-start=\"2327\" data-end=\"2510\"><strong data-start=\"2327\" data-end=\"2365\">Kalzium, Zink und Selen mit Eisen:<\/strong> Lindert An\u00e4miesymptome, erh\u00f6ht die Sauerstofftransportkapazit\u00e4t des Blutes, f\u00f6rdert geistige Leistungsf\u00e4higkeit und emotionales Gleichgewicht.<\/p>\n<\/li>\n<li data-start=\"2511\" data-end=\"2645\">\n<p data-start=\"2513\" data-end=\"2645\"><strong data-start=\"2513\" data-end=\"2551\">Kalzium, Eisen und Selen mit Zink:<\/strong> Verbessert Appetit, Kalziumaufnahme und Durchblutung, steigert das allgemeine Wohlbefinden.<\/p>\n<\/li>\n<li data-start=\"2646\" data-end=\"2779\">\n<p data-start=\"2648\" data-end=\"2779\"><strong data-start=\"2648\" data-end=\"2686\">Kalzium, Eisen und Zink mit Selen:<\/strong> St\u00e4rkt Immunsystem und Knochen, verbessert N\u00e4hrstoffaufnahme, Ged\u00e4chtnis und Schlafqualit\u00e4t.<\/p>\n<\/li>\n<\/ul>\n<hr data-start=\"2781\" data-end=\"2784\" \/>\n<h3 data-start=\"2786\" data-end=\"2807\">Verzehrempfehlung<\/h3>\n<p data-start=\"2809\" data-end=\"2882\">Zur erg\u00e4nzenden Versorgung bei Kalzium-, Eisen-, Zink- und Selenmangel.<\/p>\n<p data-start=\"2884\" data-end=\"2941\"><strong data-start=\"2884\" data-end=\"2900\">Nettoinhalt:<\/strong> 120 Kapseln \u00e0 0,5 g \u2013 Gesamtinhalt: 60 g<\/p>\n<p>&nbsp;<\/p>\n<p>&nbsp;<\/p>\n<p><strong>Zutaten:<\/strong><\/p>\n<p>Calciumcarbonat, Eisengluconat, mit Selen angereicherte Hefe, Zinkgluconat, Speisest\u00e4rke (Mais), Kapselh\u00fclle: Hydroxypropylmethylcellulose.<\/p>\n<table>\n<tbody>\n<tr>\n<td colspan=\"2\" rowspan=\"1\" width=\"309\">N\u00e4hrwertangaben pro 4 Kapseln:<\/td>\n<td colspan=\"1\" rowspan=\"1\" width=\"93\">*RMV%<\/td>\n<\/tr>\n<tr>\n<td colspan=\"1\" rowspan=\"1\" width=\"220\">Calcium<\/td>\n<td colspan=\"1\" rowspan=\"1\" width=\"89\">400 mg<\/td>\n<td colspan=\"1\" rowspan=\"1\" width=\"93\">50%<\/td>\n<\/tr>\n<tr>\n<td colspan=\"1\" rowspan=\"1\" width=\"220\">Eisen<\/td>\n<td colspan=\"1\" rowspan=\"1\" width=\"89\">9,76 mg<\/td>\n<td colspan=\"1\" rowspan=\"1\" width=\"93\">70%<\/td>\n<\/tr>\n<tr>\n<td colspan=\"1\" rowspan=\"1\" width=\"220\">Zink<\/td>\n<td colspan=\"1\" rowspan=\"1\" width=\"89\">7,12 mg<\/td>\n<td colspan=\"1\" rowspan=\"1\" width=\"93\">71%<\/td>\n<\/tr>\n<tr>\n<td colspan=\"1\" rowspan=\"1\" width=\"220\">Selen (aus Hefe)<\/td>\n<td colspan=\"1\" rowspan=\"1\" width=\"89\">49 \u00b5g<\/td>\n<td colspan=\"1\" rowspan=\"1\" width=\"93\">89%<\/td>\n<\/tr>\n<\/tbody>\n<\/table>\n<p>*NRV% \u2013 Referenzmenge f\u00fcr die t\u00e4gliche Zufuhr gem\u00e4\u00df EU-Verordnung<\/p>\n<p>\u201e\u2013\u201c \u2013 Kein empfohlener Tageswert festgelegt.<\/p>\n<p><strong>Verzehrempfehlung:<\/strong><\/p>\n<p>T\u00e4glich 2-mal 2 Kapseln mit einem Glas Wasser einnehmen.<\/p>\n<p><strong>Warnhinweise:<\/strong><\/p>\n<ul>\n<li>Die empfohlene Tagesdosis darf nicht \u00fcberschritten werden.<\/li>\n<li>Nahrungserg\u00e4nzungsmittel sind kein Ersatz f\u00fcr eine ausgewogene und abwechslungsreiche Ern\u00e4hrung sowie eine gesunde Lebensweise.<\/li>\n<li>Nicht geeignet f\u00fcr Kinder unter 10 Jahren, Schwangere und stillende Frauen.<\/li>\n<li>Nicht verwenden, wenn Sie allergisch gegen einen der Inhaltsstoffe sind.<\/li>\n<li>Au\u00dferhalb der Reichweite von Kindern aufbewahren.<\/li>\n<li>Nicht verwenden, wenn die Verpackung besch\u00e4digt ist.<\/li>\n<\/ul>\n<p><strong>Lagerung:<\/strong><\/p>\n<p>K\u00fchl und trocken lagern, vor direkter Sonneneinstrahlung sch\u00fctzen.<\/p>\n<p><strong>Hersteller:<\/strong><\/p>\n<p>Fohow (Tianjin) Pharmaceutical Co., Ltd.<\/p>\n<p>Tianzhong Stra\u00dfe 16, Baodi Wirtschafts- und Entwicklungszone, Tianjin, China<\/p>\n<p data-start=\"0\" data-end=\"66\"><strong data-start=\"3\" data-end=\"64\">Wichtiger Hinweis \u2013 Hygiene-, Pflege- und Kosmetikartikel<\/strong><\/p>\n<p data-start=\"68\" data-end=\"265\" data-is-last-node=\"\" data-is-only-node=\"\">Aus <strong data-start=\"72\" data-end=\"107\">Hygiene- und Sicherheitsgr\u00fcnden<\/strong> ist dieser Artikel <strong data-start=\"127\" data-end=\"206\">nach dem \u00d6ffnen der Verpackung vom Umtausch und der R\u00fcckgabe ausgeschlossen<\/strong>. Bitte pr\u00fcfen Sie den Artikel sorgf\u00e4ltig vor dem Gebrauch.<\/p>\n","protected":false},"excerpt":{"rendered":"<p>Kalzium-, Eisen-, Zink- und Selenkapseln \u2013 Essentielle Mineralstoffe in einer Kapsel Unsere Kapseln enthalten vier wichtige Mineralstoffe, die f\u00fcr zahlreiche physiologische Funktionen im K\u00f6rper unverzichtbar sind.<span class=\"excerpt-hellip\"> [\u2026]<\/span><\/p>\n","protected":false},"featured_media":1224,"comment_status":"open","ping_status":"closed","template":"","meta":[],"product_brand":[],"product_cat":[123,132],"product_tag":[],"class_list":{"0":"post-1221","1":"product","2":"type-product","3":"status-publish","4":"has-post-thumbnail","6":"product_cat-alles-fuer-die-frau","7":"product_cat-zellernaehrung","9":"first","10":"instock","11":"taxable","12":"shipping-taxable","13":"purchasable","14":"product-type-simple"},"yoast_head":"<!-- This site is optimized with the Yoast SEO plugin v27.3 - https:\/\/yoast.com\/product\/yoast-seo-wordpress\/ -->\n<title>Kalcium -, Eisen -, Zink -, Selen - Kapseln - &quot;F\u00fcr innere St\u00e4rke, klare Energie und ein stabiles Fundament&quot; - TCM WHIEDA<\/title>\n<meta name=\"robots\" content=\"index, follow, max-snippet:-1, max-image-preview:large, max-video-preview:-1\" \/>\n<link rel=\"canonical\" href=\"https:\/\/tcm-whieda.de\/ru\/produkt\/kalcium-eisen-zink-selen-kapseln\/\" \/>\n<meta property=\"og:locale\" content=\"ru_RU\" \/>\n<meta property=\"og:type\" content=\"article\" \/>\n<meta property=\"og:title\" content=\"Kalcium -, Eisen -, Zink -, Selen - Kapseln - &quot;F\u00fcr innere St\u00e4rke, klare Energie und ein stabiles Fundament&quot; - TCM WHIEDA\" \/>\n<meta property=\"og:description\" content=\"Kalzium-, Eisen-, Zink- und Selenkapseln \u2013 Essentielle Mineralstoffe in einer Kapsel Unsere Kapseln enthalten vier wichtige Mineralstoffe, die f\u00fcr zahlreiche physiologische Funktionen im K\u00f6rper unverzichtbar sind. [\u2026]\" \/>\n<meta property=\"og:url\" content=\"https:\/\/tcm-whieda.de\/ru\/produkt\/kalcium-eisen-zink-selen-kapseln\/\" \/>\n<meta property=\"og:site_name\" content=\"TCM WHIEDA\" \/>\n<meta property=\"article:modified_time\" content=\"2026-03-15T22:19:26+00:00\" \/>\n<meta property=\"og:image\" content=\"https:\/\/tcm-whieda.de\/wp-content\/uploads\/F007-00_imageUrl_EN_2.jpg\" \/>\n\t<meta property=\"og:image:width\" content=\"570\" \/>\n\t<meta property=\"og:image:height\" content=\"570\" \/>\n\t<meta property=\"og:image:type\" content=\"image\/jpeg\" \/>\n<meta name=\"twitter:card\" content=\"summary_large_image\" \/>\n<meta name=\"twitter:label1\" content=\"\u041f\u0440\u0438\u043c\u0435\u0440\u043d\u043e\u0435 \u0432\u0440\u0435\u043c\u044f \u0434\u043b\u044f \u0447\u0442\u0435\u043d\u0438\u044f\" \/>\n\t<meta name=\"twitter:data1\" content=\"3 \u043c\u0438\u043d\u0443\u0442\u044b\" \/>\n<script type=\"application\/ld+json\" class=\"yoast-schema-graph\">{\"@context\":\"https:\\\/\\\/schema.org\",\"@graph\":[{\"@type\":\"WebPage\",\"@id\":\"https:\\\/\\\/tcm-whieda.de\\\/ru\\\/produkt\\\/kalcium-eisen-zink-selen-kapseln\\\/\",\"url\":\"https:\\\/\\\/tcm-whieda.de\\\/ru\\\/produkt\\\/kalcium-eisen-zink-selen-kapseln\\\/\",\"name\":\"Kalcium -, Eisen -, Zink -, Selen - Kapseln - \\\"F\u00fcr innere St\u00e4rke, klare Energie und ein stabiles Fundament\\\" - TCM WHIEDA\",\"isPartOf\":{\"@id\":\"https:\\\/\\\/tcm-whieda.de\\\/ru\\\/#website\"},\"primaryImageOfPage\":{\"@id\":\"https:\\\/\\\/tcm-whieda.de\\\/ru\\\/produkt\\\/kalcium-eisen-zink-selen-kapseln\\\/#primaryimage\"},\"image\":{\"@id\":\"https:\\\/\\\/tcm-whieda.de\\\/ru\\\/produkt\\\/kalcium-eisen-zink-selen-kapseln\\\/#primaryimage\"},\"thumbnailUrl\":\"https:\\\/\\\/tcm-whieda.de\\\/wp-content\\\/uploads\\\/F007-00_imageUrl_EN_2.jpg\",\"datePublished\":\"2025-07-23T16:30:53+00:00\",\"dateModified\":\"2026-03-15T22:19:26+00:00\",\"breadcrumb\":{\"@id\":\"https:\\\/\\\/tcm-whieda.de\\\/ru\\\/produkt\\\/kalcium-eisen-zink-selen-kapseln\\\/#breadcrumb\"},\"inLanguage\":\"ru-RU\",\"potentialAction\":[{\"@type\":\"ReadAction\",\"target\":[\"https:\\\/\\\/tcm-whieda.de\\\/ru\\\/produkt\\\/kalcium-eisen-zink-selen-kapseln\\\/\"]}]},{\"@type\":\"ImageObject\",\"inLanguage\":\"ru-RU\",\"@id\":\"https:\\\/\\\/tcm-whieda.de\\\/ru\\\/produkt\\\/kalcium-eisen-zink-selen-kapseln\\\/#primaryimage\",\"url\":\"https:\\\/\\\/tcm-whieda.de\\\/wp-content\\\/uploads\\\/F007-00_imageUrl_EN_2.jpg\",\"contentUrl\":\"https:\\\/\\\/tcm-whieda.de\\\/wp-content\\\/uploads\\\/F007-00_imageUrl_EN_2.jpg\",\"width\":570,\"height\":570},{\"@type\":\"BreadcrumbList\",\"@id\":\"https:\\\/\\\/tcm-whieda.de\\\/ru\\\/produkt\\\/kalcium-eisen-zink-selen-kapseln\\\/#breadcrumb\",\"itemListElement\":[{\"@type\":\"ListItem\",\"position\":1,\"name\":\"Startseite\",\"item\":\"https:\\\/\\\/tcm-whieda.de\\\/ru\\\/\"},{\"@type\":\"ListItem\",\"position\":2,\"name\":\"\u041d\u0430\u0448\u0430 \u043f\u0440\u043e\u0434\u0443\u043a\u0446\u0438\u044f\",\"item\":\"https:\\\/\\\/tcm-whieda.de\\\/shop\\\/\"},{\"@type\":\"ListItem\",\"position\":3,\"name\":\"Kalcium -, Eisen -, Zink -, Selen &#8211; Kapseln &#8211; &#8222;F\u00fcr innere St\u00e4rke, klare Energie und ein stabiles Fundament&#8220;\"}]},{\"@type\":\"WebSite\",\"@id\":\"https:\\\/\\\/tcm-whieda.de\\\/ru\\\/#website\",\"url\":\"https:\\\/\\\/tcm-whieda.de\\\/ru\\\/\",\"name\":\"TCM WHIEDA\",\"description\":\"\",\"publisher\":{\"@id\":\"https:\\\/\\\/tcm-whieda.de\\\/ru\\\/#organization\"},\"potentialAction\":[{\"@type\":\"SearchAction\",\"target\":{\"@type\":\"EntryPoint\",\"urlTemplate\":\"https:\\\/\\\/tcm-whieda.de\\\/ru\\\/?s={search_term_string}\"},\"query-input\":{\"@type\":\"PropertyValueSpecification\",\"valueRequired\":true,\"valueName\":\"search_term_string\"}}],\"inLanguage\":\"ru-RU\"},{\"@type\":\"Organization\",\"@id\":\"https:\\\/\\\/tcm-whieda.de\\\/ru\\\/#organization\",\"name\":\"Triomed Germany GmbH\",\"url\":\"https:\\\/\\\/tcm-whieda.de\\\/ru\\\/\",\"logo\":{\"@type\":\"ImageObject\",\"inLanguage\":\"ru-RU\",\"@id\":\"https:\\\/\\\/tcm-whieda.de\\\/ru\\\/#\\\/schema\\\/logo\\\/image\\\/\",\"url\":\"https:\\\/\\\/tcm-whieda.de\\\/wp-content\\\/uploads\\\/tcm-whieda-logo_200Px.png\",\"contentUrl\":\"https:\\\/\\\/tcm-whieda.de\\\/wp-content\\\/uploads\\\/tcm-whieda-logo_200Px.png\",\"width\":200,\"height\":200,\"caption\":\"Triomed Germany GmbH\"},\"image\":{\"@id\":\"https:\\\/\\\/tcm-whieda.de\\\/ru\\\/#\\\/schema\\\/logo\\\/image\\\/\"}}]}<\/script>\n<!-- \/ Yoast SEO plugin. -->","yoast_head_json":{"title":"Kalcium -, Eisen -, Zink -, Selen - Kapseln - \"F\u00fcr innere St\u00e4rke, klare Energie und ein stabiles Fundament\" - TCM WHIEDA","robots":{"index":"index","follow":"follow","max-snippet":"max-snippet:-1","max-image-preview":"max-image-preview:large","max-video-preview":"max-video-preview:-1"},"canonical":"https:\/\/tcm-whieda.de\/ru\/produkt\/kalcium-eisen-zink-selen-kapseln\/","og_locale":"ru_RU","og_type":"article","og_title":"Kalcium -, Eisen -, Zink -, Selen - Kapseln - \"F\u00fcr innere St\u00e4rke, klare Energie und ein stabiles Fundament\" - TCM WHIEDA","og_description":"Kalzium-, Eisen-, Zink- und Selenkapseln \u2013 Essentielle Mineralstoffe in einer Kapsel Unsere Kapseln enthalten vier wichtige Mineralstoffe, die f\u00fcr zahlreiche physiologische Funktionen im K\u00f6rper unverzichtbar sind. [\u2026]","og_url":"https:\/\/tcm-whieda.de\/ru\/produkt\/kalcium-eisen-zink-selen-kapseln\/","og_site_name":"TCM WHIEDA","article_modified_time":"2026-03-15T22:19:26+00:00","og_image":[{"width":570,"height":570,"url":"https:\/\/tcm-whieda.de\/wp-content\/uploads\/F007-00_imageUrl_EN_2.jpg","type":"image\/jpeg"}],"twitter_card":"summary_large_image","twitter_misc":{"\u041f\u0440\u0438\u043c\u0435\u0440\u043d\u043e\u0435 \u0432\u0440\u0435\u043c\u044f \u0434\u043b\u044f \u0447\u0442\u0435\u043d\u0438\u044f":"3 \u043c\u0438\u043d\u0443\u0442\u044b"},"schema":{"@context":"https:\/\/schema.org","@graph":[{"@type":"WebPage","@id":"https:\/\/tcm-whieda.de\/ru\/produkt\/kalcium-eisen-zink-selen-kapseln\/","url":"https:\/\/tcm-whieda.de\/ru\/produkt\/kalcium-eisen-zink-selen-kapseln\/","name":"Kalcium -, Eisen -, Zink -, Selen - Kapseln - \"F\u00fcr innere St\u00e4rke, klare Energie und ein stabiles Fundament\" - TCM WHIEDA","isPartOf":{"@id":"https:\/\/tcm-whieda.de\/ru\/#website"},"primaryImageOfPage":{"@id":"https:\/\/tcm-whieda.de\/ru\/produkt\/kalcium-eisen-zink-selen-kapseln\/#primaryimage"},"image":{"@id":"https:\/\/tcm-whieda.de\/ru\/produkt\/kalcium-eisen-zink-selen-kapseln\/#primaryimage"},"thumbnailUrl":"https:\/\/tcm-whieda.de\/wp-content\/uploads\/F007-00_imageUrl_EN_2.jpg","datePublished":"2025-07-23T16:30:53+00:00","dateModified":"2026-03-15T22:19:26+00:00","breadcrumb":{"@id":"https:\/\/tcm-whieda.de\/ru\/produkt\/kalcium-eisen-zink-selen-kapseln\/#breadcrumb"},"inLanguage":"ru-RU","potentialAction":[{"@type":"ReadAction","target":["https:\/\/tcm-whieda.de\/ru\/produkt\/kalcium-eisen-zink-selen-kapseln\/"]}]},{"@type":"ImageObject","inLanguage":"ru-RU","@id":"https:\/\/tcm-whieda.de\/ru\/produkt\/kalcium-eisen-zink-selen-kapseln\/#primaryimage","url":"https:\/\/tcm-whieda.de\/wp-content\/uploads\/F007-00_imageUrl_EN_2.jpg","contentUrl":"https:\/\/tcm-whieda.de\/wp-content\/uploads\/F007-00_imageUrl_EN_2.jpg","width":570,"height":570},{"@type":"BreadcrumbList","@id":"https:\/\/tcm-whieda.de\/ru\/produkt\/kalcium-eisen-zink-selen-kapseln\/#breadcrumb","itemListElement":[{"@type":"ListItem","position":1,"name":"Startseite","item":"https:\/\/tcm-whieda.de\/ru\/"},{"@type":"ListItem","position":2,"name":"\u041d\u0430\u0448\u0430 \u043f\u0440\u043e\u0434\u0443\u043a\u0446\u0438\u044f","item":"https:\/\/tcm-whieda.de\/shop\/"},{"@type":"ListItem","position":3,"name":"Kalcium -, Eisen -, Zink -, Selen &#8211; Kapseln &#8211; &#8222;F\u00fcr innere St\u00e4rke, klare Energie und ein stabiles Fundament&#8220;"}]},{"@type":"WebSite","@id":"https:\/\/tcm-whieda.de\/ru\/#website","url":"https:\/\/tcm-whieda.de\/ru\/","name":"TCM WHIEDA","description":"","publisher":{"@id":"https:\/\/tcm-whieda.de\/ru\/#organization"},"potentialAction":[{"@type":"SearchAction","target":{"@type":"EntryPoint","urlTemplate":"https:\/\/tcm-whieda.de\/ru\/?s={search_term_string}"},"query-input":{"@type":"PropertyValueSpecification","valueRequired":true,"valueName":"search_term_string"}}],"inLanguage":"ru-RU"},{"@type":"Organization","@id":"https:\/\/tcm-whieda.de\/ru\/#organization","name":"Triomed Germany GmbH","url":"https:\/\/tcm-whieda.de\/ru\/","logo":{"@type":"ImageObject","inLanguage":"ru-RU","@id":"https:\/\/tcm-whieda.de\/ru\/#\/schema\/logo\/image\/","url":"https:\/\/tcm-whieda.de\/wp-content\/uploads\/tcm-whieda-logo_200Px.png","contentUrl":"https:\/\/tcm-whieda.de\/wp-content\/uploads\/tcm-whieda-logo_200Px.png","width":200,"height":200,"caption":"Triomed Germany GmbH"},"image":{"@id":"https:\/\/tcm-whieda.de\/ru\/#\/schema\/logo\/image\/"}}]}},"_links":{"self":[{"href":"https:\/\/tcm-whieda.de\/ru\/wp-json\/wp\/v2\/product\/1221","targetHints":{"allow":["GET"]}}],"collection":[{"href":"https:\/\/tcm-whieda.de\/ru\/wp-json\/wp\/v2\/product"}],"about":[{"href":"https:\/\/tcm-whieda.de\/ru\/wp-json\/wp\/v2\/types\/product"}],"replies":[{"embeddable":true,"href":"https:\/\/tcm-whieda.de\/ru\/wp-json\/wp\/v2\/comments?post=1221"}],"wp:featuredmedia":[{"embeddable":true,"href":"https:\/\/tcm-whieda.de\/ru\/wp-json\/wp\/v2\/media\/1224"}],"wp:attachment":[{"href":"https:\/\/tcm-whieda.de\/ru\/wp-json\/wp\/v2\/media?parent=1221"}],"wp:term":[{"taxonomy":"product_brand","embeddable":true,"href":"https:\/\/tcm-whieda.de\/ru\/wp-json\/wp\/v2\/product_brand?post=1221"},{"taxonomy":"product_cat","embeddable":true,"href":"https:\/\/tcm-whieda.de\/ru\/wp-json\/wp\/v2\/product_cat?post=1221"},{"taxonomy":"product_tag","embeddable":true,"href":"https:\/\/tcm-whieda.de\/ru\/wp-json\/wp\/v2\/product_tag?post=1221"}],"curies":[{"name":"wp","href":"https:\/\/api.w.org\/{rel}","templated":true}]}}