{"id":1444,"date":"2026-01-06T10:05:35","date_gmt":"2026-01-06T09:05:35","guid":{"rendered":"https:\/\/tcm-whieda.de\/?post_type=product&#038;p=1444"},"modified":"2026-03-15T21:49:52","modified_gmt":"2026-03-15T20:49:52","slug":"whieda-straffende-anti-falten-gesichtsmaske-fuer-sichtbar-jugendliche-haut","status":"publish","type":"product","link":"https:\/\/tcm-whieda.de\/ru\/produkt\/whieda-straffende-anti-falten-gesichtsmaske-fuer-sichtbar-jugendliche-haut\/","title":{"rendered":"Whieda Straffende Anti-Falten-Gesichtsmaske \u2013 F\u00fcr sichtbar jugendliche Haut"},"content":{"rendered":"<h2><strong data-start=\"277\" data-end=\"336\">Revitalisiere deine Haut &amp; schenke ihr neue Festigkeit.<\/strong><br data-start=\"336\" data-end=\"339\" \/>Die <strong data-start=\"343\" data-end=\"390\">Whieda Straffende Anti-Falten-Gesichtsmaske<\/strong> ist deine w\u00f6chentliche Verw\u00f6hn-Kur f\u00fcr eine glattere, praller und jugendlich aussehende Haut \u2013 ganz ohne invasive Behandlung.<\/h2>\n<h3 data-start=\"518\" data-end=\"557\">\ud83d\udc8e Was macht diese Maske besonders?<\/h3>\n<p data-start=\"558\" data-end=\"679\">Unsere hochwirksame Formulierung kombiniert <strong data-start=\"602\" data-end=\"644\">biotechnologisch optimierte Wirkstoffe<\/strong> mit nat\u00fcrlichen Pflegestoffen, um:<\/p>\n<ul data-start=\"680\" data-end=\"865\">\n<li data-start=\"680\" data-end=\"718\">\n<p data-start=\"682\" data-end=\"718\"><strong data-start=\"682\" data-end=\"718\">Feine Linien &amp; Falten zu mildern<\/strong><\/p>\n<\/li>\n<li data-start=\"719\" data-end=\"753\">\n<p data-start=\"721\" data-end=\"753\"><strong data-start=\"721\" data-end=\"753\">Die Hautstruktur zu straffen<\/strong><\/p>\n<\/li>\n<li data-start=\"754\" data-end=\"811\">\n<p data-start=\"756\" data-end=\"811\"><strong data-start=\"756\" data-end=\"811\">Sp\u00fcrbare Elastizit\u00e4t und Geschmeidigkeit zu f\u00f6rdern<\/strong><\/p>\n<\/li>\n<li data-start=\"812\" data-end=\"865\">\n<p data-start=\"814\" data-end=\"865\"><strong data-start=\"814\" data-end=\"865\">Den Teint frisch und strahlend wirken zu lassen<\/strong><\/p>\n<\/li>\n<\/ul>\n<p>&nbsp;<\/p>\n<h3 data-start=\"867\" data-end=\"898\">\ud83c\udf3f Premium-Wirkstoffkomplex<\/h3>\n<p data-start=\"899\" data-end=\"1199\">Diese Anti-Falten-Maske enth\u00e4lt:<\/p>\n<ul>\n<li>Sericin \u2013 Ein Protein, das aus 18 verschiedenen Aminos\u00e4uren besteht. Es \u00f6ffnet schnell die Poren, entfernt Unreinheiten und unterst\u00fctzt das Gleichgewicht von Feuchtigkeit und Lipiden in der Epidermis. Sericin aus hydrolysierter Seide hemmt die Tyrosinaseaktivit\u00e4t und reduziert die Melaninbildung \u2013 f\u00fcr eine helle und zarte Haut.<\/li>\n<li>Fibroin \u2013 Ein nat\u00fcrliches Polymerfaserprotein aus Seide, das die Melaninbildung hemmt, die Feuchtigkeit in der Hornschicht erh\u00f6ht, die nat\u00fcrliche Feuchtigkeitsbindung der Haut regeneriert und den optimalen Feuchtigkeitsgehalt langfristig aufrechterh\u00e4lt. Die Haut wird glatter, weicher und elastischer. Innerhalb weniger Sekunden dringt Fibroin in die Epidermis ein, aktiviert die Hautzellen, st\u00e4rkt die Hautbarriere und verleiht der Haut ein gesundes Strahlen.<\/li>\n<li>Chitosan \u2013 Ein Polysaccharid mit hoher Adsorptionsf\u00e4higkeit, das Kosmetikr\u00fcckst\u00e4nde, Schwermetalle und andere Verunreinigungen effektiv entfernt, die Haut tiefenreinigt, Milben beseitigt und Schimmelbildung verhindert.<\/li>\n<li>Natriumhyaluronat \u2013 Eine Form der Hyalurons\u00e4ure, die die Haut mit Feuchtigkeit versorgt, gl\u00e4ttet und ihre Elastizit\u00e4t verbessert.<\/li>\n<\/ul>\n<p><strong>Frei von:<\/strong> Alkohol, Duftstoffen, Farbstoffen, Hormonen, Emulgatoren, fluoreszierenden Bleichmitteln, Konservierungsstoffen und Schwermetallen.<\/p>\n<h3>\ud83c\udf1f Anwendungsempfehlung:<\/h3>\n<p><strong>Wichtig:<\/strong><\/p>\n<ol>\n<li>Vor dem Auftragen der Maske sollten keine Hautpflegeprodukte (wie Lotion, Serum, Creme usw.) verwendet werden, da diese die Aufnahme der Wirkstoffe beeintr\u00e4chtigen k\u00f6nnen.<\/li>\n<li>Ziehen oder dehnen Sie die Maske beim Auftragen nicht. Verteilen Sie sie vorsichtig und gleichm\u00e4\u00dfig auf dem Gesicht.<\/li>\n<li>Die Maske muss in sauberem Wasser bei Raumtemperatur (25 \u2103) eingeweicht werden. Um ein Aufl\u00f6sen der Maske zu verhindern, sollte das Wasser nicht zu hei\u00df sein und die Einweichzeit nicht zu lang.<\/li>\n<li>Nicht verwenden, wenn die Verpackung nicht luftdicht verschlossen ist.<\/li>\n<li>Bei Anzeichen von Unwohlsein die Anwendung sofort abbrechen.<\/li>\n<\/ol>\n<p><strong>Anwendungshinweise:<\/strong><\/p>\n<p>Sie ben\u00f6tigen sauberes (Leitungs- oder Mineral-)Wasser und eine Schere.<\/p>\n<ol>\n<li>\u00d6ffnen Sie die Verpackung entlang der gestrichelten Linie und entnehmen Sie die Maske.<\/li>\n<li>Falten Sie die Verpackung auf und f\u00fcllen Sie sauberes Wasser bei Raumtemperatur bis zur Markierung ein.<\/li>\n<li>Entfernen Sie die obere und untere Schutzfolie der Maske.<\/li>\n<li>Legen Sie die Maske zur\u00fcck in die Verpackung mit Wasser und lassen Sie sie 2 Minuten einweichen.<\/li>\n<li>Nehmen Sie die Maske heraus und lassen Sie \u00fcbersch\u00fcssiges Wasser abtropfen.<\/li>\n<li>Legen Sie die Maske gleichm\u00e4\u00dfig auf das Gesicht: zuerst auf den Nasenr\u00fccken und den Augenbereich, dann auf die mittlere Gesichtspartie und schlie\u00dflich mit gl\u00e4ttenden Bewegungen vom Zentrum nach au\u00dfen. Entfernen Sie eventuelle Luftblasen unter der Maske. Verwenden Sie eine Schere, um die Maske an nicht eng anliegende Stellen anzupassen.<\/li>\n<li>30\u201340 Minuten einwirken lassen und anschlie\u00dfend abnehmen \u2013 nicht abwaschen. Eine zus\u00e4tzliche Hautpflege nach der Anwendung ist nicht erforderlich.<\/li>\n<\/ol>\n<p><strong>Au\u00dfer Reichweite von Kindern aufbewahren.<\/strong><\/p>\n<p>&nbsp;<\/p>\n<h3 data-start=\"1429\" data-end=\"1462\">\ud83d\udc86\u200d\u2640\ufe0f Ergebnis, das du f\u00fchlst<\/h3>\n<p data-start=\"1463\" data-end=\"1556\">Nach der Anwendung wirkt deine Haut:<br \/>\n\u2728 glatter<br data-start=\"1509\" data-end=\"1512\" \/>\u2728 straffer<br data-start=\"1522\" data-end=\"1525\" \/>\u2728 vitaler<br data-start=\"1534\" data-end=\"1537\" \/>\u2728 jugendlich frisch<\/p>\n<p data-start=\"1558\" data-end=\"1651\">Perfekt als Teil deiner Anti-Aging-Routine oder als Quick-Glow-Boost vor besonderen Anl\u00e4ssen!<\/p>\n<h3 data-start=\"1658\" data-end=\"1683\">\ud83d\udce6 Produkt-Highlights<\/h3>\n<ul data-start=\"1684\" data-end=\"1844\">\n<li data-start=\"1684\" data-end=\"1710\">\n<p data-start=\"1686\" data-end=\"1710\">Straffend &amp; anti-aging<\/p>\n<\/li>\n<li data-start=\"1711\" data-end=\"1747\">\n<p data-start=\"1713\" data-end=\"1747\">Verbesserung der Hautelastizit\u00e4t<\/p>\n<\/li>\n<li data-start=\"1748\" data-end=\"1779\">\n<p data-start=\"1750\" data-end=\"1779\">F\u00fcr alle Hauttypen geeignet<\/p>\n<\/li>\n<li data-start=\"1780\" data-end=\"1817\">\n<p data-start=\"1782\" data-end=\"1817\">Ohne Parabene &amp; ohne Mikroplastik<\/p>\n<\/li>\n<li data-start=\"1818\" data-end=\"1844\">\n<p data-start=\"1820\" data-end=\"1844\">Dermatologisch getestet*<\/p>\n<\/li>\n<\/ul>\n<h3 data-start=\"1846\" data-end=\"1870\"><strong>Inhalt:<\/strong> 10 Masken pro Packung.<\/h3>\n<p data-start=\"0\" data-end=\"64\"><strong data-start=\"3\" data-end=\"64\">Wichtiger Hinweis \u2013 Hygiene-, Pflege- und Kosmetikprodukt<\/strong><\/p>\n<p data-start=\"66\" data-end=\"326\" data-is-last-node=\"\" data-is-only-node=\"\">Aus Gr\u00fcnden des <strong data-start=\"82\" data-end=\"118\">Hygiene- und Gesundheitsschutzes<\/strong> ist dieser Artikel <strong data-start=\"138\" data-end=\"217\">nach dem \u00d6ffnen der Verpackung vom Umtausch und der R\u00fcckgabe ausgeschlossen<\/strong>. Bitte stellen Sie sicher, dass das Produkt Ihren Erwartungen entspricht, bevor Sie die Versiegelung \u00f6ffnen.<\/p>\n","protected":false},"excerpt":{"rendered":"<p>Revitalisiere deine Haut &amp; schenke ihr neue Festigkeit.Die Whieda Straffende Anti-Falten-Gesichtsmaske ist deine w\u00f6chentliche Verw\u00f6hn-Kur f\u00fcr eine glattere, praller und jugendlich aussehende Haut \u2013 ganz ohne<span class=\"excerpt-hellip\"> [\u2026]<\/span><\/p>\n","protected":false},"featured_media":1445,"comment_status":"open","ping_status":"closed","template":"","meta":[],"product_brand":[],"product_cat":[107,123],"product_tag":[],"class_list":{"0":"post-1444","1":"product","2":"type-product","3":"status-publish","4":"has-post-thumbnail","6":"product_cat-wellness-spa","7":"product_cat-alles-fuer-die-frau","9":"first","10":"instock","11":"taxable","12":"shipping-taxable","13":"purchasable","14":"product-type-simple"},"yoast_head":"<!-- This site is optimized with the Yoast SEO plugin v27.3 - https:\/\/yoast.com\/product\/yoast-seo-wordpress\/ -->\n<title>Whieda Straffende Anti-Falten-Gesichtsmaske \u2013 F\u00fcr sichtbar jugendliche Haut - TCM WHIEDA<\/title>\n<meta name=\"robots\" content=\"index, follow, max-snippet:-1, max-image-preview:large, max-video-preview:-1\" \/>\n<link rel=\"canonical\" href=\"https:\/\/tcm-whieda.de\/ru\/produkt\/whieda-straffende-anti-falten-gesichtsmaske-fuer-sichtbar-jugendliche-haut\/\" \/>\n<meta property=\"og:locale\" content=\"ru_RU\" \/>\n<meta property=\"og:type\" content=\"article\" \/>\n<meta property=\"og:title\" content=\"Whieda Straffende Anti-Falten-Gesichtsmaske \u2013 F\u00fcr sichtbar jugendliche Haut - TCM WHIEDA\" \/>\n<meta property=\"og:description\" content=\"Revitalisiere deine Haut &amp; schenke ihr neue Festigkeit.Die Whieda Straffende Anti-Falten-Gesichtsmaske ist deine w\u00f6chentliche Verw\u00f6hn-Kur f\u00fcr eine glattere, praller und jugendlich aussehende Haut \u2013 ganz ohne [\u2026]\" \/>\n<meta property=\"og:url\" content=\"https:\/\/tcm-whieda.de\/ru\/produkt\/whieda-straffende-anti-falten-gesichtsmaske-fuer-sichtbar-jugendliche-haut\/\" \/>\n<meta property=\"og:site_name\" content=\"TCM WHIEDA\" \/>\n<meta property=\"article:modified_time\" content=\"2026-03-15T20:49:52+00:00\" \/>\n<meta property=\"og:image\" content=\"https:\/\/tcm-whieda.de\/wp-content\/uploads\/C033-00_imageUrl_EN_4.jpg\" \/>\n\t<meta property=\"og:image:width\" content=\"570\" \/>\n\t<meta property=\"og:image:height\" content=\"570\" \/>\n\t<meta property=\"og:image:type\" content=\"image\/jpeg\" \/>\n<meta name=\"twitter:card\" content=\"summary_large_image\" \/>\n<meta name=\"twitter:label1\" content=\"\u041f\u0440\u0438\u043c\u0435\u0440\u043d\u043e\u0435 \u0432\u0440\u0435\u043c\u044f \u0434\u043b\u044f \u0447\u0442\u0435\u043d\u0438\u044f\" \/>\n\t<meta name=\"twitter:data1\" content=\"3 \u043c\u0438\u043d\u0443\u0442\u044b\" \/>\n<script type=\"application\/ld+json\" class=\"yoast-schema-graph\">{\"@context\":\"https:\\\/\\\/schema.org\",\"@graph\":[{\"@type\":\"WebPage\",\"@id\":\"https:\\\/\\\/tcm-whieda.de\\\/ru\\\/produkt\\\/whieda-straffende-anti-falten-gesichtsmaske-fuer-sichtbar-jugendliche-haut\\\/\",\"url\":\"https:\\\/\\\/tcm-whieda.de\\\/ru\\\/produkt\\\/whieda-straffende-anti-falten-gesichtsmaske-fuer-sichtbar-jugendliche-haut\\\/\",\"name\":\"Whieda Straffende Anti-Falten-Gesichtsmaske \u2013 F\u00fcr sichtbar jugendliche Haut - TCM WHIEDA\",\"isPartOf\":{\"@id\":\"https:\\\/\\\/tcm-whieda.de\\\/ru\\\/#website\"},\"primaryImageOfPage\":{\"@id\":\"https:\\\/\\\/tcm-whieda.de\\\/ru\\\/produkt\\\/whieda-straffende-anti-falten-gesichtsmaske-fuer-sichtbar-jugendliche-haut\\\/#primaryimage\"},\"image\":{\"@id\":\"https:\\\/\\\/tcm-whieda.de\\\/ru\\\/produkt\\\/whieda-straffende-anti-falten-gesichtsmaske-fuer-sichtbar-jugendliche-haut\\\/#primaryimage\"},\"thumbnailUrl\":\"https:\\\/\\\/tcm-whieda.de\\\/wp-content\\\/uploads\\\/C033-00_imageUrl_EN_4.jpg\",\"datePublished\":\"2026-01-06T09:05:35+00:00\",\"dateModified\":\"2026-03-15T20:49:52+00:00\",\"breadcrumb\":{\"@id\":\"https:\\\/\\\/tcm-whieda.de\\\/ru\\\/produkt\\\/whieda-straffende-anti-falten-gesichtsmaske-fuer-sichtbar-jugendliche-haut\\\/#breadcrumb\"},\"inLanguage\":\"ru-RU\",\"potentialAction\":[{\"@type\":\"ReadAction\",\"target\":[\"https:\\\/\\\/tcm-whieda.de\\\/ru\\\/produkt\\\/whieda-straffende-anti-falten-gesichtsmaske-fuer-sichtbar-jugendliche-haut\\\/\"]}]},{\"@type\":\"ImageObject\",\"inLanguage\":\"ru-RU\",\"@id\":\"https:\\\/\\\/tcm-whieda.de\\\/ru\\\/produkt\\\/whieda-straffende-anti-falten-gesichtsmaske-fuer-sichtbar-jugendliche-haut\\\/#primaryimage\",\"url\":\"https:\\\/\\\/tcm-whieda.de\\\/wp-content\\\/uploads\\\/C033-00_imageUrl_EN_4.jpg\",\"contentUrl\":\"https:\\\/\\\/tcm-whieda.de\\\/wp-content\\\/uploads\\\/C033-00_imageUrl_EN_4.jpg\",\"width\":570,\"height\":570},{\"@type\":\"BreadcrumbList\",\"@id\":\"https:\\\/\\\/tcm-whieda.de\\\/ru\\\/produkt\\\/whieda-straffende-anti-falten-gesichtsmaske-fuer-sichtbar-jugendliche-haut\\\/#breadcrumb\",\"itemListElement\":[{\"@type\":\"ListItem\",\"position\":1,\"name\":\"Startseite\",\"item\":\"https:\\\/\\\/tcm-whieda.de\\\/ru\\\/\"},{\"@type\":\"ListItem\",\"position\":2,\"name\":\"\u041d\u0430\u0448\u0430 \u043f\u0440\u043e\u0434\u0443\u043a\u0446\u0438\u044f\",\"item\":\"https:\\\/\\\/tcm-whieda.de\\\/shop\\\/\"},{\"@type\":\"ListItem\",\"position\":3,\"name\":\"Whieda Straffende Anti-Falten-Gesichtsmaske \u2013 F\u00fcr sichtbar jugendliche Haut\"}]},{\"@type\":\"WebSite\",\"@id\":\"https:\\\/\\\/tcm-whieda.de\\\/ru\\\/#website\",\"url\":\"https:\\\/\\\/tcm-whieda.de\\\/ru\\\/\",\"name\":\"TCM WHIEDA\",\"description\":\"\",\"publisher\":{\"@id\":\"https:\\\/\\\/tcm-whieda.de\\\/ru\\\/#organization\"},\"potentialAction\":[{\"@type\":\"SearchAction\",\"target\":{\"@type\":\"EntryPoint\",\"urlTemplate\":\"https:\\\/\\\/tcm-whieda.de\\\/ru\\\/?s={search_term_string}\"},\"query-input\":{\"@type\":\"PropertyValueSpecification\",\"valueRequired\":true,\"valueName\":\"search_term_string\"}}],\"inLanguage\":\"ru-RU\"},{\"@type\":\"Organization\",\"@id\":\"https:\\\/\\\/tcm-whieda.de\\\/ru\\\/#organization\",\"name\":\"Triomed Germany GmbH\",\"url\":\"https:\\\/\\\/tcm-whieda.de\\\/ru\\\/\",\"logo\":{\"@type\":\"ImageObject\",\"inLanguage\":\"ru-RU\",\"@id\":\"https:\\\/\\\/tcm-whieda.de\\\/ru\\\/#\\\/schema\\\/logo\\\/image\\\/\",\"url\":\"https:\\\/\\\/tcm-whieda.de\\\/wp-content\\\/uploads\\\/tcm-whieda-logo_200Px.png\",\"contentUrl\":\"https:\\\/\\\/tcm-whieda.de\\\/wp-content\\\/uploads\\\/tcm-whieda-logo_200Px.png\",\"width\":200,\"height\":200,\"caption\":\"Triomed Germany GmbH\"},\"image\":{\"@id\":\"https:\\\/\\\/tcm-whieda.de\\\/ru\\\/#\\\/schema\\\/logo\\\/image\\\/\"}}]}<\/script>\n<!-- \/ Yoast SEO plugin. -->","yoast_head_json":{"title":"Whieda Straffende Anti-Falten-Gesichtsmaske \u2013 F\u00fcr sichtbar jugendliche Haut - TCM WHIEDA","robots":{"index":"index","follow":"follow","max-snippet":"max-snippet:-1","max-image-preview":"max-image-preview:large","max-video-preview":"max-video-preview:-1"},"canonical":"https:\/\/tcm-whieda.de\/ru\/produkt\/whieda-straffende-anti-falten-gesichtsmaske-fuer-sichtbar-jugendliche-haut\/","og_locale":"ru_RU","og_type":"article","og_title":"Whieda Straffende Anti-Falten-Gesichtsmaske \u2013 F\u00fcr sichtbar jugendliche Haut - TCM WHIEDA","og_description":"Revitalisiere deine Haut &amp; schenke ihr neue Festigkeit.Die Whieda Straffende Anti-Falten-Gesichtsmaske ist deine w\u00f6chentliche Verw\u00f6hn-Kur f\u00fcr eine glattere, praller und jugendlich aussehende Haut \u2013 ganz ohne [\u2026]","og_url":"https:\/\/tcm-whieda.de\/ru\/produkt\/whieda-straffende-anti-falten-gesichtsmaske-fuer-sichtbar-jugendliche-haut\/","og_site_name":"TCM WHIEDA","article_modified_time":"2026-03-15T20:49:52+00:00","og_image":[{"width":570,"height":570,"url":"https:\/\/tcm-whieda.de\/wp-content\/uploads\/C033-00_imageUrl_EN_4.jpg","type":"image\/jpeg"}],"twitter_card":"summary_large_image","twitter_misc":{"\u041f\u0440\u0438\u043c\u0435\u0440\u043d\u043e\u0435 \u0432\u0440\u0435\u043c\u044f \u0434\u043b\u044f \u0447\u0442\u0435\u043d\u0438\u044f":"3 \u043c\u0438\u043d\u0443\u0442\u044b"},"schema":{"@context":"https:\/\/schema.org","@graph":[{"@type":"WebPage","@id":"https:\/\/tcm-whieda.de\/ru\/produkt\/whieda-straffende-anti-falten-gesichtsmaske-fuer-sichtbar-jugendliche-haut\/","url":"https:\/\/tcm-whieda.de\/ru\/produkt\/whieda-straffende-anti-falten-gesichtsmaske-fuer-sichtbar-jugendliche-haut\/","name":"Whieda Straffende Anti-Falten-Gesichtsmaske \u2013 F\u00fcr sichtbar jugendliche Haut - TCM WHIEDA","isPartOf":{"@id":"https:\/\/tcm-whieda.de\/ru\/#website"},"primaryImageOfPage":{"@id":"https:\/\/tcm-whieda.de\/ru\/produkt\/whieda-straffende-anti-falten-gesichtsmaske-fuer-sichtbar-jugendliche-haut\/#primaryimage"},"image":{"@id":"https:\/\/tcm-whieda.de\/ru\/produkt\/whieda-straffende-anti-falten-gesichtsmaske-fuer-sichtbar-jugendliche-haut\/#primaryimage"},"thumbnailUrl":"https:\/\/tcm-whieda.de\/wp-content\/uploads\/C033-00_imageUrl_EN_4.jpg","datePublished":"2026-01-06T09:05:35+00:00","dateModified":"2026-03-15T20:49:52+00:00","breadcrumb":{"@id":"https:\/\/tcm-whieda.de\/ru\/produkt\/whieda-straffende-anti-falten-gesichtsmaske-fuer-sichtbar-jugendliche-haut\/#breadcrumb"},"inLanguage":"ru-RU","potentialAction":[{"@type":"ReadAction","target":["https:\/\/tcm-whieda.de\/ru\/produkt\/whieda-straffende-anti-falten-gesichtsmaske-fuer-sichtbar-jugendliche-haut\/"]}]},{"@type":"ImageObject","inLanguage":"ru-RU","@id":"https:\/\/tcm-whieda.de\/ru\/produkt\/whieda-straffende-anti-falten-gesichtsmaske-fuer-sichtbar-jugendliche-haut\/#primaryimage","url":"https:\/\/tcm-whieda.de\/wp-content\/uploads\/C033-00_imageUrl_EN_4.jpg","contentUrl":"https:\/\/tcm-whieda.de\/wp-content\/uploads\/C033-00_imageUrl_EN_4.jpg","width":570,"height":570},{"@type":"BreadcrumbList","@id":"https:\/\/tcm-whieda.de\/ru\/produkt\/whieda-straffende-anti-falten-gesichtsmaske-fuer-sichtbar-jugendliche-haut\/#breadcrumb","itemListElement":[{"@type":"ListItem","position":1,"name":"Startseite","item":"https:\/\/tcm-whieda.de\/ru\/"},{"@type":"ListItem","position":2,"name":"\u041d\u0430\u0448\u0430 \u043f\u0440\u043e\u0434\u0443\u043a\u0446\u0438\u044f","item":"https:\/\/tcm-whieda.de\/shop\/"},{"@type":"ListItem","position":3,"name":"Whieda Straffende Anti-Falten-Gesichtsmaske \u2013 F\u00fcr sichtbar jugendliche Haut"}]},{"@type":"WebSite","@id":"https:\/\/tcm-whieda.de\/ru\/#website","url":"https:\/\/tcm-whieda.de\/ru\/","name":"TCM WHIEDA","description":"","publisher":{"@id":"https:\/\/tcm-whieda.de\/ru\/#organization"},"potentialAction":[{"@type":"SearchAction","target":{"@type":"EntryPoint","urlTemplate":"https:\/\/tcm-whieda.de\/ru\/?s={search_term_string}"},"query-input":{"@type":"PropertyValueSpecification","valueRequired":true,"valueName":"search_term_string"}}],"inLanguage":"ru-RU"},{"@type":"Organization","@id":"https:\/\/tcm-whieda.de\/ru\/#organization","name":"Triomed Germany GmbH","url":"https:\/\/tcm-whieda.de\/ru\/","logo":{"@type":"ImageObject","inLanguage":"ru-RU","@id":"https:\/\/tcm-whieda.de\/ru\/#\/schema\/logo\/image\/","url":"https:\/\/tcm-whieda.de\/wp-content\/uploads\/tcm-whieda-logo_200Px.png","contentUrl":"https:\/\/tcm-whieda.de\/wp-content\/uploads\/tcm-whieda-logo_200Px.png","width":200,"height":200,"caption":"Triomed Germany GmbH"},"image":{"@id":"https:\/\/tcm-whieda.de\/ru\/#\/schema\/logo\/image\/"}}]}},"_links":{"self":[{"href":"https:\/\/tcm-whieda.de\/ru\/wp-json\/wp\/v2\/product\/1444","targetHints":{"allow":["GET"]}}],"collection":[{"href":"https:\/\/tcm-whieda.de\/ru\/wp-json\/wp\/v2\/product"}],"about":[{"href":"https:\/\/tcm-whieda.de\/ru\/wp-json\/wp\/v2\/types\/product"}],"replies":[{"embeddable":true,"href":"https:\/\/tcm-whieda.de\/ru\/wp-json\/wp\/v2\/comments?post=1444"}],"wp:featuredmedia":[{"embeddable":true,"href":"https:\/\/tcm-whieda.de\/ru\/wp-json\/wp\/v2\/media\/1445"}],"wp:attachment":[{"href":"https:\/\/tcm-whieda.de\/ru\/wp-json\/wp\/v2\/media?parent=1444"}],"wp:term":[{"taxonomy":"product_brand","embeddable":true,"href":"https:\/\/tcm-whieda.de\/ru\/wp-json\/wp\/v2\/product_brand?post=1444"},{"taxonomy":"product_cat","embeddable":true,"href":"https:\/\/tcm-whieda.de\/ru\/wp-json\/wp\/v2\/product_cat?post=1444"},{"taxonomy":"product_tag","embeddable":true,"href":"https:\/\/tcm-whieda.de\/ru\/wp-json\/wp\/v2\/product_tag?post=1444"}],"curies":[{"name":"wp","href":"https:\/\/api.w.org\/{rel}","templated":true}]}}